{"id":34,"date":"2021-06-25T09:45:27","date_gmt":"2021-06-25T06:45:27","guid":{"rendered":"http:\/\/www.cineko.fi\/?page_id=34"},"modified":"2024-03-17T04:18:36","modified_gmt":"2024-03-17T01:18:36","slug":"etusivu","status":"publish","type":"page","link":"https:\/\/www.cineko.fi\/en\/","title":{"rendered":"Etusivu"},"content":{"rendered":"\t\t<div data-elementor-type=\"wp-page\" data-elementor-id=\"34\" class=\"elementor elementor-34\">\n\t\t\t\t\t\t<section class=\"elementor-section elementor-top-section elementor-element elementor-element-ab5de6d elementor-section-boxed elementor-section-height-default elementor-section-height-default\" data-id=\"ab5de6d\" data-element_type=\"section\" data-e-type=\"section\">\n\t\t\t\t\t\t<div class=\"elementor-container elementor-column-gap-default\">\n\t\t\t\t\t<div class=\"elementor-column elementor-col-16 elementor-top-column elementor-element elementor-element-10b09df\" data-id=\"10b09df\" data-element_type=\"column\" data-e-type=\"column\">\n\t\t\t<div class=\"elementor-widget-wrap\">\n\t\t\t\t\t\t\t<\/div>\n\t\t<\/div>\n\t\t\t\t<div class=\"elementor-column elementor-col-66 elementor-top-column elementor-element elementor-element-76d5ad9\" data-id=\"76d5ad9\" data-element_type=\"column\" data-e-type=\"column\">\n\t\t\t<div class=\"elementor-widget-wrap elementor-element-populated\">\n\t\t\t\t\t\t<div class=\"elementor-element elementor-element-56418ad elementor-widget elementor-widget-video\" data-id=\"56418ad\" data-element_type=\"widget\" data-e-type=\"widget\" data-settings=\"{&quot;youtube_url&quot;:&quot;https:\\\/\\\/youtu.be\\\/R0ryIgMKQ4w&quot;,&quot;autoplay&quot;:&quot;yes&quot;,&quot;mute&quot;:&quot;yes&quot;,&quot;loop&quot;:&quot;yes&quot;,&quot;yt_privacy&quot;:&quot;yes&quot;,&quot;video_type&quot;:&quot;youtube&quot;}\" data-widget_type=\"video.default\">\n\t\t\t\t<div class=\"elementor-widget-container\">\n\t\t\t\t\t\t\t<div class=\"elementor-wrapper elementor-open-inline\">\n\t\t\t<div class=\"elementor-video\"><\/div>\t\t<\/div>\n\t\t\t\t\t\t<\/div>\n\t\t\t\t<\/div>\n\t\t\t\t<div class=\"elementor-element elementor-element-e08b7d0 elementor-widget elementor-widget-spacer\" data-id=\"e08b7d0\" data-element_type=\"widget\" data-e-type=\"widget\" data-widget_type=\"spacer.default\">\n\t\t\t\t<div class=\"elementor-widget-container\">\n\t\t\t\t\t\t\t<div class=\"elementor-spacer\">\n\t\t\t<div class=\"elementor-spacer-inner\"><\/div>\n\t\t<\/div>\n\t\t\t\t\t\t<\/div>\n\t\t\t\t<\/div>\n\t\t\t\t<div class=\"elementor-element elementor-element-030387a elementor-widget elementor-widget-heading\" data-id=\"030387a\" data-element_type=\"widget\" data-e-type=\"widget\" data-widget_type=\"heading.default\">\n\t\t\t\t<div class=\"elementor-widget-container\">\n\t\t\t\t\t<h1 class=\"elementor-heading-title elementor-size-large\">Toteutamme edulliset video-, valokuvaus- ja striimauskeikat \u2014 my\u00f6s yhdistettyin\u00e4 paketteina<\/h1>\t\t\t\t<\/div>\n\t\t\t\t<\/div>\n\t\t\t\t<div class=\"elementor-element elementor-element-c69d3d5 elementor-widget elementor-widget-spacer\" data-id=\"c69d3d5\" data-element_type=\"widget\" data-e-type=\"widget\" data-widget_type=\"spacer.default\">\n\t\t\t\t<div class=\"elementor-widget-container\">\n\t\t\t\t\t\t\t<div class=\"elementor-spacer\">\n\t\t\t<div class=\"elementor-spacer-inner\"><\/div>\n\t\t<\/div>\n\t\t\t\t\t\t<\/div>\n\t\t\t\t<\/div>\n\t\t\t\t<div class=\"elementor-element elementor-element-a3ab1b7 elementor-widget elementor-widget-text-editor\" data-id=\"a3ab1b7\" data-element_type=\"widget\" data-e-type=\"widget\" data-widget_type=\"text-editor.default\">\n\t\t\t\t<div class=\"elementor-widget-container\">\n\t\t\t\t\t\t\t\t\t<p>Otamme asiakkaan aktiivisesti mukaan suunnitteluprosessiin, jotta lopputuloksesta v\u00e4littyy katsojalle haluttu viesti ja tyylist\u00e4 tulee tilanteeseen sopiva.<\/p>\n<p>Tavoitteenamme on mahdollistaa tilaaminen pienemmillekin yrityksille tarjoamalla edullisia kuvauspalveluja. Lis\u00e4tietoja palveluistamme ja suuntaa-antavia l\u00e4ht\u00f6hintoja l\u00f6yd\u00e4t yl\u00e4palkin v\u00e4lilehdilt\u00e4.<\/p>\n<p>Ota rohkeasti yhteytt\u00e4 alla olevan lomakkeen kautta niin mietimme yhdess\u00e4 juuri sinulle sopivan ratkaisun.<\/p>\t\t\t\t\t\t\t\t<\/div>\n\t\t\t\t<\/div>\n\t\t\t\t<div class=\"elementor-element elementor-element-45b8938 elementor-widget elementor-widget-spacer\" data-id=\"45b8938\" data-element_type=\"widget\" data-e-type=\"widget\" data-widget_type=\"spacer.default\">\n\t\t\t\t<div class=\"elementor-widget-container\">\n\t\t\t\t\t\t\t<div class=\"elementor-spacer\">\n\t\t\t<div class=\"elementor-spacer-inner\"><\/div>\n\t\t<\/div>\n\t\t\t\t\t\t<\/div>\n\t\t\t\t<\/div>\n\t\t\t\t\t<\/div>\n\t\t<\/div>\n\t\t\t\t<div class=\"elementor-column elementor-col-16 elementor-top-column elementor-element elementor-element-c2894d4\" data-id=\"c2894d4\" data-element_type=\"column\" data-e-type=\"column\">\n\t\t\t<div class=\"elementor-widget-wrap\">\n\t\t\t\t\t\t\t<\/div>\n\t\t<\/div>\n\t\t\t\t\t<\/div>\n\t\t<\/section>\n\t\t\t\t<section class=\"elementor-section elementor-top-section elementor-element elementor-element-23a4236 elementor-section-boxed elementor-section-height-default elementor-section-height-default\" data-id=\"23a4236\" data-element_type=\"section\" data-e-type=\"section\">\n\t\t\t\t\t\t<div class=\"elementor-container elementor-column-gap-default\">\n\t\t\t\t\t<div class=\"elementor-column elementor-col-16 elementor-top-column elementor-element elementor-element-7b7da19\" data-id=\"7b7da19\" data-element_type=\"column\" data-e-type=\"column\">\n\t\t\t<div class=\"elementor-widget-wrap\">\n\t\t\t\t\t\t\t<\/div>\n\t\t<\/div>\n\t\t\t\t<div class=\"elementor-column elementor-col-66 elementor-top-column elementor-element elementor-element-119fe89\" data-id=\"119fe89\" data-element_type=\"column\" data-e-type=\"column\">\n\t\t\t<div class=\"elementor-widget-wrap elementor-element-populated\">\n\t\t\t\t\t\t<div class=\"elementor-element elementor-element-16ad762 elementor-widget elementor-widget-menu-anchor\" data-id=\"16ad762\" data-element_type=\"widget\" data-e-type=\"widget\" data-widget_type=\"menu-anchor.default\">\n\t\t\t\t<div class=\"elementor-widget-container\">\n\t\t\t\t\t\t\t<div class=\"elementor-menu-anchor\" id=\"ota-yhteytta\"><\/div>\n\t\t\t\t\t\t<\/div>\n\t\t\t\t<\/div>\n\t\t\t\t<div class=\"elementor-element elementor-element-f0f24c8 elementor-widget elementor-widget-heading\" data-id=\"f0f24c8\" data-element_type=\"widget\" data-e-type=\"widget\" data-widget_type=\"heading.default\">\n\t\t\t\t<div class=\"elementor-widget-container\">\n\t\t\t\t\t<h2 class=\"elementor-heading-title elementor-size-xl\">Ota yhteytt\u00e4<\/h2>\t\t\t\t<\/div>\n\t\t\t\t<\/div>\n\t\t\t\t<div class=\"elementor-element elementor-element-aab3bf0 elementor-widget elementor-widget-wpforms\" data-id=\"aab3bf0\" data-element_type=\"widget\" data-e-type=\"widget\" data-widget_type=\"wpforms.default\">\n\t\t\t\t<div class=\"elementor-widget-container\">\n\t\t\t\t\t<div class=\"wpforms-container wpforms-container-full\" id=\"wpforms-43\"><form id=\"wpforms-form-43\" class=\"wpforms-validate wpforms-form\" data-formid=\"43\" method=\"post\" enctype=\"multipart\/form-data\" action=\"\/en\/wp-json\/wp\/v2\/pages\/34\" data-token=\"abded8e817acadec4a11638de77c2885\" data-token-time=\"1776379491\"><noscript class=\"wpforms-error-noscript\">Please enable JavaScript in your browser to complete this form.<\/noscript><div class=\"wpforms-field-container\"><div id=\"wpforms-43-field_0-container\" class=\"wpforms-field wpforms-field-name wpforms-one-half wpforms-first\" data-field-id=\"0\"><label class=\"wpforms-field-label wpforms-label-hide\" for=\"wpforms-43-field_0\">Nimi <span class=\"wpforms-required-label\">*<\/span><\/label><input type=\"text\" id=\"wpforms-43-field_0\" class=\"wpforms-field-large wpforms-field-required\" name=\"wpforms[fields][0]\" placeholder=\"Nimi\" required><\/div><div id=\"wpforms-43-field_3-container\" class=\"wpforms-field wpforms-field-email wpforms-one-half\" data-field-id=\"3\"><label class=\"wpforms-field-label wpforms-label-hide\" for=\"wpforms-43-field_3\">S\u00e4hk\u00f6posti <span class=\"wpforms-required-label\">*<\/span><\/label><input type=\"email\" id=\"wpforms-43-field_3\" class=\"wpforms-field-large wpforms-field-required\" name=\"wpforms[fields][3]\" placeholder=\"S\u00e4hk\u00f6posti\" spellcheck=\"false\" required><\/div><div id=\"wpforms-43-field_4-container\" class=\"wpforms-field wpforms-field-text\" data-field-id=\"4\"><label class=\"wpforms-field-label wpforms-label-hide\" for=\"wpforms-43-field_4\">Aihe <span class=\"wpforms-required-label\">*<\/span><\/label><input type=\"text\" id=\"wpforms-43-field_4\" class=\"wpforms-field-large wpforms-field-required\" name=\"wpforms[fields][4]\" placeholder=\"Aihe\" required><\/div><div id=\"wpforms-43-field_2-container\" class=\"wpforms-field wpforms-field-textarea\" data-field-id=\"2\"><label class=\"wpforms-field-label wpforms-label-hide\" for=\"wpforms-43-field_2\">Viesti <span class=\"wpforms-required-label\">*<\/span><\/label><textarea id=\"wpforms-43-field_2\" class=\"wpforms-field-medium wpforms-field-required\" name=\"wpforms[fields][2]\" placeholder=\"Viesti\" required><\/textarea><\/div><\/div><!-- .wpforms-field-container --><div class=\"wpforms-recaptcha-container wpforms-is-recaptcha wpforms-is-recaptcha-type-invisible\" ><div class=\"g-recaptcha\" data-sitekey=\"6LfFvQYrAAAAACqhqXhnxzIMpLGgjsNt1bowz2v4\" data-size=\"invisible\"><\/div><\/div><div class=\"wpforms-submit-container\" ><input type=\"hidden\" name=\"wpforms[id]\" value=\"43\"><input type=\"hidden\" name=\"page_title\" value=\"\"><input type=\"hidden\" name=\"page_url\" value=\"https:\/\/www.cineko.fi\/en\/wp-json\/wp\/v2\/pages\/34\"><input type=\"hidden\" name=\"url_referer\" value=\"\"><button type=\"submit\" name=\"wpforms[submit]\" id=\"wpforms-submit-43\" class=\"wpforms-submit\" data-alt-text=\"L\u00e4hetet\u00e4\u00e4n...\" data-submit-text=\"L\u00e4het\u00e4\" aria-live=\"assertive\" value=\"wpforms-submit\">L\u00e4het\u00e4<\/button><\/div><\/form><\/div>  <!-- .wpforms-container -->\t\t\t\t<\/div>\n\t\t\t\t<\/div>\n\t\t\t\t\t<\/div>\n\t\t<\/div>\n\t\t\t\t<div class=\"elementor-column elementor-col-16 elementor-top-column elementor-element elementor-element-f78b773\" data-id=\"f78b773\" data-element_type=\"column\" data-e-type=\"column\">\n\t\t\t<div class=\"elementor-widget-wrap\">\n\t\t\t\t\t\t\t<\/div>\n\t\t<\/div>\n\t\t\t\t\t<\/div>\n\t\t<\/section>\n\t\t\t\t<\/div>\n\t\t","protected":false},"excerpt":{"rendered":"<p>Toteutamme edulliset video-, valokuvaus- ja striimauskeikat \u2014 my\u00f6s yhdistettyin\u00e4 paketteina Otamme asiakkaan aktiivisesti mukaan suunnitteluprosessiin, jotta lopputuloksesta v\u00e4littyy katsojalle haluttu viesti ja tyylist\u00e4 tulee tilanteeseen sopiva. Tavoitteenamme on mahdollistaa tilaaminen pienemmillekin yrityksille tarjoamalla edullisia kuvauspalveluja. Lis\u00e4tietoja palveluistamme ja suuntaa-antavia l\u00e4ht\u00f6hintoja l\u00f6yd\u00e4t yl\u00e4palkin v\u00e4lilehdilt\u00e4. Ota rohkeasti yhteytt\u00e4 alla olevan lomakkeen kautta niin mietimme yhdess\u00e4 juuri sinulle &hellip;<\/p>\n<p class=\"read-more\"> <a class=\"\" href=\"https:\/\/www.cineko.fi\/en\/\"> <span class=\"screen-reader-text\">Etusivu<\/span> Read More &raquo;<\/a><\/p>","protected":false},"author":1,"featured_media":0,"parent":0,"menu_order":0,"comment_status":"closed","ping_status":"closed","template":"","meta":{"site-sidebar-layout":"no-sidebar","site-content-layout":"plain-container","ast-main-header-display":"","ast-hfb-above-header-display":"","ast-hfb-below-header-display":"","ast-hfb-mobile-header-display":"","site-post-title":"disabled","ast-breadcrumbs-content":"","ast-featured-img":"disabled","footer-sml-layout":"","theme-transparent-header-meta":"disabled","adv-header-id-meta":"","stick-header-meta":"","header-above-stick-meta":"","header-main-stick-meta":"","header-below-stick-meta":"","footnotes":""},"class_list":["post-34","page","type-page","status-publish","hentry"],"yoast_head":"<!-- This site is optimized with the Yoast SEO plugin v27.0 - https:\/\/yoast.com\/product\/yoast-seo-wordpress\/ -->\n<title>cineko - Video- ja valokuvaus sek\u00e4 striimaus edullisesti<\/title>\n<meta name=\"description\" content=\"Meilt\u00e4 edulliset video-, valokuvaus- ja striimauspalvelut \u2014 my\u00f6s yhdistettyin\u00e4 paketteina. Tarjoamme lis\u00e4ksi laadukasta vuokrakalustoa.\" \/>\n<meta name=\"robots\" content=\"index, follow, max-snippet:-1, max-image-preview:large, max-video-preview:-1\" \/>\n<link rel=\"canonical\" href=\"https:\/\/www.cineko.fi\/en\/\" \/>\n<meta property=\"og:locale\" content=\"en_US\" \/>\n<meta property=\"og:type\" content=\"article\" \/>\n<meta property=\"og:title\" content=\"cineko - Video- ja valokuvaus sek\u00e4 striimaus edullisesti\" \/>\n<meta property=\"og:description\" content=\"Meilt\u00e4 edulliset video-, valokuvaus- ja striimauspalvelut \u2014 my\u00f6s yhdistettyin\u00e4 paketteina. Tarjoamme lis\u00e4ksi laadukasta vuokrakalustoa.\" \/>\n<meta property=\"og:url\" content=\"https:\/\/www.cineko.fi\/en\/\" \/>\n<meta property=\"og:site_name\" content=\"cineko\" \/>\n<meta property=\"article:modified_time\" content=\"2024-03-17T01:18:36+00:00\" \/>\n<meta name=\"twitter:card\" content=\"summary_large_image\" \/>\n<meta name=\"twitter:label1\" content=\"Est. reading time\" \/>\n\t<meta name=\"twitter:data1\" content=\"1 minute\" \/>\n<script type=\"application\/ld+json\" class=\"yoast-schema-graph\">{\"@context\":\"https:\/\/schema.org\",\"@graph\":[{\"@type\":\"WebPage\",\"@id\":\"https:\/\/www.cineko.fi\/\",\"url\":\"https:\/\/www.cineko.fi\/\",\"name\":\"cineko - Video- ja valokuvaus sek\u00e4 striimaus edullisesti\",\"isPartOf\":{\"@id\":\"https:\/\/www.cineko.fi\/#website\"},\"datePublished\":\"2021-06-25T06:45:27+00:00\",\"dateModified\":\"2024-03-17T01:18:36+00:00\",\"description\":\"Meilt\u00e4 edulliset video-, valokuvaus- ja striimauspalvelut \u2014 my\u00f6s yhdistettyin\u00e4 paketteina. Tarjoamme lis\u00e4ksi laadukasta vuokrakalustoa.\",\"breadcrumb\":{\"@id\":\"https:\/\/www.cineko.fi\/#breadcrumb\"},\"inLanguage\":\"en-US\",\"potentialAction\":[{\"@type\":\"ReadAction\",\"target\":[\"https:\/\/www.cineko.fi\/\"]}]},{\"@type\":\"BreadcrumbList\",\"@id\":\"https:\/\/www.cineko.fi\/#breadcrumb\",\"itemListElement\":[{\"@type\":\"ListItem\",\"position\":1,\"name\":\"Etusivu\",\"item\":\"https:\/\/www.cineko.fi\/\"},{\"@type\":\"ListItem\",\"position\":2,\"name\":\"Etusivu\"}]},{\"@type\":\"WebSite\",\"@id\":\"https:\/\/www.cineko.fi\/#website\",\"url\":\"https:\/\/www.cineko.fi\/\",\"name\":\"cineko\",\"description\":\"Videotuotanto\",\"publisher\":{\"@id\":\"https:\/\/www.cineko.fi\/#organization\"},\"potentialAction\":[{\"@type\":\"SearchAction\",\"target\":{\"@type\":\"EntryPoint\",\"urlTemplate\":\"https:\/\/www.cineko.fi\/?s={search_term_string}\"},\"query-input\":{\"@type\":\"PropertyValueSpecification\",\"valueRequired\":true,\"valueName\":\"search_term_string\"}}],\"inLanguage\":\"en-US\"},{\"@type\":\"Organization\",\"@id\":\"https:\/\/www.cineko.fi\/#organization\",\"name\":\"cineko\",\"url\":\"https:\/\/www.cineko.fi\/\",\"logo\":{\"@type\":\"ImageObject\",\"inLanguage\":\"en-US\",\"@id\":\"https:\/\/www.cineko.fi\/#\/schema\/logo\/image\/\",\"url\":\"https:\/\/www.cineko.fi\/wp-content\/uploads\/2021\/06\/cineko-512x256-1.png\",\"contentUrl\":\"https:\/\/www.cineko.fi\/wp-content\/uploads\/2021\/06\/cineko-512x256-1.png\",\"width\":512,\"height\":256,\"caption\":\"cineko\"},\"image\":{\"@id\":\"https:\/\/www.cineko.fi\/#\/schema\/logo\/image\/\"},\"sameAs\":[\"https:\/\/www.instagram.com\/cinekoprod\/\",\"https:\/\/www.youtube.com\/channel\/UCx-l-M7nUZfxhB3c3Vik6Ow\"]}]}<\/script>\n<!-- \/ Yoast SEO plugin. -->","yoast_head_json":{"title":"cineko - Video- ja valokuvaus sek\u00e4 striimaus edullisesti","description":"Meilt\u00e4 edulliset video-, valokuvaus- ja striimauspalvelut \u2014 my\u00f6s yhdistettyin\u00e4 paketteina. Tarjoamme lis\u00e4ksi laadukasta vuokrakalustoa.","robots":{"index":"index","follow":"follow","max-snippet":"max-snippet:-1","max-image-preview":"max-image-preview:large","max-video-preview":"max-video-preview:-1"},"canonical":"https:\/\/www.cineko.fi\/en\/","og_locale":"en_US","og_type":"article","og_title":"cineko - Video- ja valokuvaus sek\u00e4 striimaus edullisesti","og_description":"Meilt\u00e4 edulliset video-, valokuvaus- ja striimauspalvelut \u2014 my\u00f6s yhdistettyin\u00e4 paketteina. Tarjoamme lis\u00e4ksi laadukasta vuokrakalustoa.","og_url":"https:\/\/www.cineko.fi\/en\/","og_site_name":"cineko","article_modified_time":"2024-03-17T01:18:36+00:00","twitter_card":"summary_large_image","twitter_misc":{"Est. reading time":"1 minute"},"schema":{"@context":"https:\/\/schema.org","@graph":[{"@type":"WebPage","@id":"https:\/\/www.cineko.fi\/","url":"https:\/\/www.cineko.fi\/","name":"cineko - Video- ja valokuvaus sek\u00e4 striimaus edullisesti","isPartOf":{"@id":"https:\/\/www.cineko.fi\/#website"},"datePublished":"2021-06-25T06:45:27+00:00","dateModified":"2024-03-17T01:18:36+00:00","description":"Meilt\u00e4 edulliset video-, valokuvaus- ja striimauspalvelut \u2014 my\u00f6s yhdistettyin\u00e4 paketteina. Tarjoamme lis\u00e4ksi laadukasta vuokrakalustoa.","breadcrumb":{"@id":"https:\/\/www.cineko.fi\/#breadcrumb"},"inLanguage":"en-US","potentialAction":[{"@type":"ReadAction","target":["https:\/\/www.cineko.fi\/"]}]},{"@type":"BreadcrumbList","@id":"https:\/\/www.cineko.fi\/#breadcrumb","itemListElement":[{"@type":"ListItem","position":1,"name":"Etusivu","item":"https:\/\/www.cineko.fi\/"},{"@type":"ListItem","position":2,"name":"Etusivu"}]},{"@type":"WebSite","@id":"https:\/\/www.cineko.fi\/#website","url":"https:\/\/www.cineko.fi\/","name":"cineko","description":"Videotuotanto","publisher":{"@id":"https:\/\/www.cineko.fi\/#organization"},"potentialAction":[{"@type":"SearchAction","target":{"@type":"EntryPoint","urlTemplate":"https:\/\/www.cineko.fi\/?s={search_term_string}"},"query-input":{"@type":"PropertyValueSpecification","valueRequired":true,"valueName":"search_term_string"}}],"inLanguage":"en-US"},{"@type":"Organization","@id":"https:\/\/www.cineko.fi\/#organization","name":"cineko","url":"https:\/\/www.cineko.fi\/","logo":{"@type":"ImageObject","inLanguage":"en-US","@id":"https:\/\/www.cineko.fi\/#\/schema\/logo\/image\/","url":"https:\/\/www.cineko.fi\/wp-content\/uploads\/2021\/06\/cineko-512x256-1.png","contentUrl":"https:\/\/www.cineko.fi\/wp-content\/uploads\/2021\/06\/cineko-512x256-1.png","width":512,"height":256,"caption":"cineko"},"image":{"@id":"https:\/\/www.cineko.fi\/#\/schema\/logo\/image\/"},"sameAs":["https:\/\/www.instagram.com\/cinekoprod\/","https:\/\/www.youtube.com\/channel\/UCx-l-M7nUZfxhB3c3Vik6Ow"]}]}},"_links":{"self":[{"href":"https:\/\/www.cineko.fi\/en\/wp-json\/wp\/v2\/pages\/34","targetHints":{"allow":["GET"]}}],"collection":[{"href":"https:\/\/www.cineko.fi\/en\/wp-json\/wp\/v2\/pages"}],"about":[{"href":"https:\/\/www.cineko.fi\/en\/wp-json\/wp\/v2\/types\/page"}],"author":[{"embeddable":true,"href":"https:\/\/www.cineko.fi\/en\/wp-json\/wp\/v2\/users\/1"}],"replies":[{"embeddable":true,"href":"https:\/\/www.cineko.fi\/en\/wp-json\/wp\/v2\/comments?post=34"}],"version-history":[{"count":271,"href":"https:\/\/www.cineko.fi\/en\/wp-json\/wp\/v2\/pages\/34\/revisions"}],"predecessor-version":[{"id":798,"href":"https:\/\/www.cineko.fi\/en\/wp-json\/wp\/v2\/pages\/34\/revisions\/798"}],"wp:attachment":[{"href":"https:\/\/www.cineko.fi\/en\/wp-json\/wp\/v2\/media?parent=34"}],"curies":[{"name":"wp","href":"https:\/\/api.w.org\/{rel}","templated":true}]}}