{"id":596,"date":"2023-09-15T14:31:10","date_gmt":"2023-09-15T11:31:10","guid":{"rendered":"https:\/\/www.cineko.fi\/?page_id=596"},"modified":"2024-11-10T12:58:03","modified_gmt":"2024-11-10T09:58:03","slug":"striimaus","status":"publish","type":"page","link":"https:\/\/www.cineko.fi\/en\/striimaus\/","title":{"rendered":"Streaming"},"content":{"rendered":"\t\t<div data-elementor-type=\"wp-page\" data-elementor-id=\"596\" class=\"elementor elementor-596\">\n\t\t\t\t\t\t<section class=\"elementor-section elementor-top-section elementor-element elementor-element-6ec551a elementor-section-boxed elementor-section-height-default elementor-section-height-default\" data-id=\"6ec551a\" data-element_type=\"section\" data-e-type=\"section\">\n\t\t\t\t\t\t<div class=\"elementor-container elementor-column-gap-default\">\n\t\t\t\t\t<div class=\"elementor-column elementor-col-33 elementor-top-column elementor-element elementor-element-f378434\" data-id=\"f378434\" data-element_type=\"column\" data-e-type=\"column\">\n\t\t\t<div class=\"elementor-widget-wrap elementor-element-populated\">\n\t\t\t\t\t\t<div class=\"elementor-element elementor-element-5fea09d elementor-widget elementor-widget-image\" data-id=\"5fea09d\" data-element_type=\"widget\" data-e-type=\"widget\" data-widget_type=\"image.default\">\n\t\t\t\t<div class=\"elementor-widget-container\">\n\t\t\t\t\t\t\t\t\t\t\t\t\t\t\t<img fetchpriority=\"high\" decoding=\"async\" width=\"1024\" height=\"683\" src=\"https:\/\/www.cineko.fi\/wp-content\/uploads\/2023\/09\/IMG_20220324_145752-1-1024x683.jpg\" class=\"attachment-large size-large wp-image-600\" alt=\"\" srcset=\"https:\/\/www.cineko.fi\/wp-content\/uploads\/2023\/09\/IMG_20220324_145752-1-1024x683.jpg 1024w, https:\/\/www.cineko.fi\/wp-content\/uploads\/2023\/09\/IMG_20220324_145752-1-300x200.jpg 300w, https:\/\/www.cineko.fi\/wp-content\/uploads\/2023\/09\/IMG_20220324_145752-1-768x512.jpg 768w, https:\/\/www.cineko.fi\/wp-content\/uploads\/2023\/09\/IMG_20220324_145752-1-1536x1024.jpg 1536w, https:\/\/www.cineko.fi\/wp-content\/uploads\/2023\/09\/IMG_20220324_145752-1-2048x1365.jpg 2048w, https:\/\/www.cineko.fi\/wp-content\/uploads\/2023\/09\/IMG_20220324_145752-1-18x12.jpg 18w\" sizes=\"(max-width: 1024px) 100vw, 1024px\" \/>\t\t\t\t\t\t\t\t\t\t\t\t\t\t\t<\/div>\n\t\t\t\t<\/div>\n\t\t\t\t\t<\/div>\n\t\t<\/div>\n\t\t\t\t<div class=\"elementor-column elementor-col-33 elementor-top-column elementor-element elementor-element-4a8ad8f\" data-id=\"4a8ad8f\" data-element_type=\"column\" data-e-type=\"column\">\n\t\t\t<div class=\"elementor-widget-wrap elementor-element-populated\">\n\t\t\t\t\t\t<div class=\"elementor-element elementor-element-09004a5 elementor-widget elementor-widget-image\" data-id=\"09004a5\" data-element_type=\"widget\" data-e-type=\"widget\" data-widget_type=\"image.default\">\n\t\t\t\t<div class=\"elementor-widget-container\">\n\t\t\t\t\t\t\t\t\t\t\t\t\t\t\t<img decoding=\"async\" width=\"1024\" height=\"683\" src=\"https:\/\/www.cineko.fi\/wp-content\/uploads\/2023\/09\/DSCF6113-1024x683.jpg\" class=\"attachment-large size-large wp-image-598\" alt=\"\" srcset=\"https:\/\/www.cineko.fi\/wp-content\/uploads\/2023\/09\/DSCF6113-1024x683.jpg 1024w, https:\/\/www.cineko.fi\/wp-content\/uploads\/2023\/09\/DSCF6113-300x200.jpg 300w, https:\/\/www.cineko.fi\/wp-content\/uploads\/2023\/09\/DSCF6113-768x512.jpg 768w, https:\/\/www.cineko.fi\/wp-content\/uploads\/2023\/09\/DSCF6113-1536x1024.jpg 1536w, https:\/\/www.cineko.fi\/wp-content\/uploads\/2023\/09\/DSCF6113-2048x1366.jpg 2048w, https:\/\/www.cineko.fi\/wp-content\/uploads\/2023\/09\/DSCF6113-18x12.jpg 18w\" sizes=\"(max-width: 1024px) 100vw, 1024px\" \/>\t\t\t\t\t\t\t\t\t\t\t\t\t\t\t<\/div>\n\t\t\t\t<\/div>\n\t\t\t\t\t<\/div>\n\t\t<\/div>\n\t\t\t\t<div class=\"elementor-column elementor-col-33 elementor-top-column elementor-element elementor-element-acc308a\" data-id=\"acc308a\" data-element_type=\"column\" data-e-type=\"column\">\n\t\t\t<div class=\"elementor-widget-wrap elementor-element-populated\">\n\t\t\t\t\t\t<div class=\"elementor-element elementor-element-7a0c5c8 elementor-widget elementor-widget-image\" data-id=\"7a0c5c8\" data-element_type=\"widget\" data-e-type=\"widget\" data-widget_type=\"image.default\">\n\t\t\t\t<div class=\"elementor-widget-container\">\n\t\t\t\t\t\t\t\t\t\t\t\t\t\t\t<img decoding=\"async\" width=\"1024\" height=\"683\" src=\"https:\/\/www.cineko.fi\/wp-content\/uploads\/2023\/09\/IMG_20220429_135559-1024x683.jpg\" class=\"attachment-large size-large wp-image-601\" alt=\"\" srcset=\"https:\/\/www.cineko.fi\/wp-content\/uploads\/2023\/09\/IMG_20220429_135559-1024x683.jpg 1024w, https:\/\/www.cineko.fi\/wp-content\/uploads\/2023\/09\/IMG_20220429_135559-300x200.jpg 300w, https:\/\/www.cineko.fi\/wp-content\/uploads\/2023\/09\/IMG_20220429_135559-768x512.jpg 768w, https:\/\/www.cineko.fi\/wp-content\/uploads\/2023\/09\/IMG_20220429_135559-1536x1024.jpg 1536w, https:\/\/www.cineko.fi\/wp-content\/uploads\/2023\/09\/IMG_20220429_135559-2048x1365.jpg 2048w, https:\/\/www.cineko.fi\/wp-content\/uploads\/2023\/09\/IMG_20220429_135559-18x12.jpg 18w\" sizes=\"(max-width: 1024px) 100vw, 1024px\" \/>\t\t\t\t\t\t\t\t\t\t\t\t\t\t\t<\/div>\n\t\t\t\t<\/div>\n\t\t\t\t\t<\/div>\n\t\t<\/div>\n\t\t\t\t\t<\/div>\n\t\t<\/section>\n\t\t\t\t<section class=\"elementor-section elementor-top-section elementor-element elementor-element-393ffcbb elementor-section-boxed elementor-section-height-default elementor-section-height-default\" data-id=\"393ffcbb\" data-element_type=\"section\" data-e-type=\"section\">\n\t\t\t\t\t\t<div class=\"elementor-container elementor-column-gap-default\">\n\t\t\t\t\t<div class=\"elementor-column elementor-col-33 elementor-top-column elementor-element elementor-element-61c87613\" data-id=\"61c87613\" data-element_type=\"column\" data-e-type=\"column\">\n\t\t\t<div class=\"elementor-widget-wrap\">\n\t\t\t\t\t\t\t<\/div>\n\t\t<\/div>\n\t\t\t\t<div class=\"elementor-column elementor-col-33 elementor-top-column elementor-element elementor-element-f125bb9\" data-id=\"f125bb9\" data-element_type=\"column\" data-e-type=\"column\">\n\t\t\t<div class=\"elementor-widget-wrap elementor-element-populated\">\n\t\t\t\t\t\t<div class=\"elementor-element elementor-element-7f597c59 elementor-widget elementor-widget-spacer\" data-id=\"7f597c59\" data-element_type=\"widget\" data-e-type=\"widget\" data-widget_type=\"spacer.default\">\n\t\t\t\t<div class=\"elementor-widget-container\">\n\t\t\t\t\t\t\t<div class=\"elementor-spacer\">\n\t\t\t<div class=\"elementor-spacer-inner\"><\/div>\n\t\t<\/div>\n\t\t\t\t\t\t<\/div>\n\t\t\t\t<\/div>\n\t\t\t\t<div class=\"elementor-element elementor-element-4ac70f2c elementor-widget elementor-widget-heading\" data-id=\"4ac70f2c\" data-element_type=\"widget\" data-e-type=\"widget\" data-widget_type=\"heading.default\">\n\t\t\t\t<div class=\"elementor-widget-container\">\n\t\t\t\t\t<h1 class=\"elementor-heading-title elementor-size-large\">Kaipaako tapahtumasi striimausta verkkoon?<\/h1>\t\t\t\t<\/div>\n\t\t\t\t<\/div>\n\t\t\t\t<div class=\"elementor-element elementor-element-e3c795c elementor-widget elementor-widget-spacer\" data-id=\"e3c795c\" data-element_type=\"widget\" data-e-type=\"widget\" data-widget_type=\"spacer.default\">\n\t\t\t\t<div class=\"elementor-widget-container\">\n\t\t\t\t\t\t\t<div class=\"elementor-spacer\">\n\t\t\t<div class=\"elementor-spacer-inner\"><\/div>\n\t\t<\/div>\n\t\t\t\t\t\t<\/div>\n\t\t\t\t<\/div>\n\t\t\t\t<div class=\"elementor-element elementor-element-309a9816 elementor-widget elementor-widget-text-editor\" data-id=\"309a9816\" data-element_type=\"widget\" data-e-type=\"widget\" data-widget_type=\"text-editor.default\">\n\t\t\t\t<div class=\"elementor-widget-container\">\n\t\t\t\t\t\t\t\t\t<p>Toteutamme tapahtumasi livestriimauksen ja taltioinnin jopa 4K-kuvanlaadulla. My\u00f6s useamman kuva- ja \u00e4\u00e4nil\u00e4hteen yhdist\u00e4minen tarpeiden mukaan hoituu ongelmitta ja useampia kameroita saadaan tarvittaessa operoitua l\u00e4hetyksen aikana.<\/p>\n<p>Striimaukset kauttamme edullisin hinnoin, alk. 550\u20ac + ALV (25,5 %) Full HD -l\u00e4hetyksist\u00e4 ja 650 \u20ac + ALV (25,5 %) 4K-l\u00e4hetyksist\u00e4<span style=\"font-weight: var( --e-global-typography-text-font-weight ); font-size: 1rem;\">.<\/span><\/p>\n<p>Ota rohkeasti yhteytt\u00e4 alla olevan lomakkeen kautta, niin mietimme yhdess\u00e4 juuri sinulle sopivan ratkaisun.<\/p>\t\t\t\t\t\t\t\t<\/div>\n\t\t\t\t<\/div>\n\t\t\t\t<div class=\"elementor-element elementor-element-786f5a0d elementor-widget elementor-widget-spacer\" data-id=\"786f5a0d\" data-element_type=\"widget\" data-e-type=\"widget\" data-widget_type=\"spacer.default\">\n\t\t\t\t<div class=\"elementor-widget-container\">\n\t\t\t\t\t\t\t<div class=\"elementor-spacer\">\n\t\t\t<div class=\"elementor-spacer-inner\"><\/div>\n\t\t<\/div>\n\t\t\t\t\t\t<\/div>\n\t\t\t\t<\/div>\n\t\t\t\t\t<\/div>\n\t\t<\/div>\n\t\t\t\t<div class=\"elementor-column elementor-col-33 elementor-top-column elementor-element elementor-element-1537fdc\" data-id=\"1537fdc\" data-element_type=\"column\" data-e-type=\"column\">\n\t\t\t<div class=\"elementor-widget-wrap\">\n\t\t\t\t\t\t\t<\/div>\n\t\t<\/div>\n\t\t\t\t\t<\/div>\n\t\t<\/section>\n\t\t\t\t<section class=\"elementor-section elementor-top-section elementor-element elementor-element-31958a2d elementor-section-boxed elementor-section-height-default elementor-section-height-default\" data-id=\"31958a2d\" data-element_type=\"section\" data-e-type=\"section\">\n\t\t\t\t\t\t<div class=\"elementor-container elementor-column-gap-default\">\n\t\t\t\t\t<div class=\"elementor-column elementor-col-16 elementor-top-column elementor-element elementor-element-6ec3d63b\" data-id=\"6ec3d63b\" data-element_type=\"column\" data-e-type=\"column\">\n\t\t\t<div class=\"elementor-widget-wrap\">\n\t\t\t\t\t\t\t<\/div>\n\t\t<\/div>\n\t\t\t\t<div class=\"elementor-column elementor-col-66 elementor-top-column elementor-element elementor-element-10b99224\" data-id=\"10b99224\" data-element_type=\"column\" data-e-type=\"column\">\n\t\t\t<div class=\"elementor-widget-wrap elementor-element-populated\">\n\t\t\t\t\t\t<div class=\"elementor-element elementor-element-6970076b elementor-widget elementor-widget-menu-anchor\" data-id=\"6970076b\" data-element_type=\"widget\" data-e-type=\"widget\" data-widget_type=\"menu-anchor.default\">\n\t\t\t\t<div class=\"elementor-widget-container\">\n\t\t\t\t\t\t\t<div class=\"elementor-menu-anchor\" id=\"ota-yhteytta\"><\/div>\n\t\t\t\t\t\t<\/div>\n\t\t\t\t<\/div>\n\t\t\t\t<div class=\"elementor-element elementor-element-2f82c9f4 elementor-widget elementor-widget-heading\" data-id=\"2f82c9f4\" data-element_type=\"widget\" data-e-type=\"widget\" data-widget_type=\"heading.default\">\n\t\t\t\t<div class=\"elementor-widget-container\">\n\t\t\t\t\t<h2 class=\"elementor-heading-title elementor-size-xl\">OTA YHTEYTT\u00c4\u200b\u200b<\/h2>\t\t\t\t<\/div>\n\t\t\t\t<\/div>\n\t\t\t\t<div class=\"elementor-element elementor-element-69037271 elementor-widget elementor-widget-wpforms\" data-id=\"69037271\" data-element_type=\"widget\" data-e-type=\"widget\" data-widget_type=\"wpforms.default\">\n\t\t\t\t<div class=\"elementor-widget-container\">\n\t\t\t\t\t<div class=\"wpforms-container wpforms-container-full\" id=\"wpforms-43\"><form id=\"wpforms-form-43\" class=\"wpforms-validate wpforms-form\" data-formid=\"43\" method=\"post\" enctype=\"multipart\/form-data\" action=\"\/en\/wp-json\/wp\/v2\/pages\/596\" data-token=\"abded8e817acadec4a11638de77c2885\" data-token-time=\"1776383413\"><noscript class=\"wpforms-error-noscript\">Please enable JavaScript in your browser to complete this form.<\/noscript><div class=\"wpforms-field-container\"><div id=\"wpforms-43-field_0-container\" class=\"wpforms-field wpforms-field-name wpforms-one-half wpforms-first\" data-field-id=\"0\"><label class=\"wpforms-field-label wpforms-label-hide\" for=\"wpforms-43-field_0\">Nimi <span class=\"wpforms-required-label\">*<\/span><\/label><input type=\"text\" id=\"wpforms-43-field_0\" class=\"wpforms-field-large wpforms-field-required\" name=\"wpforms[fields][0]\" placeholder=\"Nimi\" required><\/div><div id=\"wpforms-43-field_3-container\" class=\"wpforms-field wpforms-field-email wpforms-one-half\" data-field-id=\"3\"><label class=\"wpforms-field-label wpforms-label-hide\" for=\"wpforms-43-field_3\">S\u00e4hk\u00f6posti <span class=\"wpforms-required-label\">*<\/span><\/label><input type=\"email\" id=\"wpforms-43-field_3\" class=\"wpforms-field-large wpforms-field-required\" name=\"wpforms[fields][3]\" placeholder=\"S\u00e4hk\u00f6posti\" spellcheck=\"false\" required><\/div><div id=\"wpforms-43-field_4-container\" class=\"wpforms-field wpforms-field-text\" data-field-id=\"4\"><label class=\"wpforms-field-label wpforms-label-hide\" for=\"wpforms-43-field_4\">Aihe <span class=\"wpforms-required-label\">*<\/span><\/label><input type=\"text\" id=\"wpforms-43-field_4\" class=\"wpforms-field-large wpforms-field-required\" name=\"wpforms[fields][4]\" placeholder=\"Aihe\" required><\/div><div id=\"wpforms-43-field_2-container\" class=\"wpforms-field wpforms-field-textarea\" data-field-id=\"2\"><label class=\"wpforms-field-label wpforms-label-hide\" for=\"wpforms-43-field_2\">Viesti <span class=\"wpforms-required-label\">*<\/span><\/label><textarea id=\"wpforms-43-field_2\" class=\"wpforms-field-medium wpforms-field-required\" name=\"wpforms[fields][2]\" placeholder=\"Viesti\" required><\/textarea><\/div><\/div><!-- .wpforms-field-container --><div class=\"wpforms-recaptcha-container wpforms-is-recaptcha wpforms-is-recaptcha-type-invisible\" ><div class=\"g-recaptcha\" data-sitekey=\"6LfFvQYrAAAAACqhqXhnxzIMpLGgjsNt1bowz2v4\" data-size=\"invisible\"><\/div><\/div><div class=\"wpforms-submit-container\" ><input type=\"hidden\" name=\"wpforms[id]\" value=\"43\"><input type=\"hidden\" name=\"page_title\" value=\"\"><input type=\"hidden\" name=\"page_url\" value=\"https:\/\/www.cineko.fi\/en\/wp-json\/wp\/v2\/pages\/596\"><input type=\"hidden\" name=\"url_referer\" value=\"\"><button type=\"submit\" name=\"wpforms[submit]\" id=\"wpforms-submit-43\" class=\"wpforms-submit\" data-alt-text=\"L\u00e4hetet\u00e4\u00e4n...\" data-submit-text=\"L\u00e4het\u00e4\" aria-live=\"assertive\" value=\"wpforms-submit\">L\u00e4het\u00e4<\/button><\/div><\/form><\/div>  <!-- .wpforms-container -->\t\t\t\t<\/div>\n\t\t\t\t<\/div>\n\t\t\t\t\t<\/div>\n\t\t<\/div>\n\t\t\t\t<div class=\"elementor-column elementor-col-16 elementor-top-column elementor-element elementor-element-5cd99a75\" data-id=\"5cd99a75\" data-element_type=\"column\" data-e-type=\"column\">\n\t\t\t<div class=\"elementor-widget-wrap\">\n\t\t\t\t\t\t\t<\/div>\n\t\t<\/div>\n\t\t\t\t\t<\/div>\n\t\t<\/section>\n\t\t\t\t<\/div>\n\t\t","protected":false},"excerpt":{"rendered":"<p>Kaipaako tapahtumasi striimausta verkkoon? Toteutamme tapahtumasi livestriimauksen ja taltioinnin jopa 4K-kuvanlaadulla. My\u00f6s useamman kuva- ja \u00e4\u00e4nil\u00e4hteen yhdist\u00e4minen tarpeiden mukaan hoituu ongelmitta ja useampia kameroita saadaan tarvittaessa operoitua l\u00e4hetyksen aikana. Striimaukset kauttamme edullisin hinnoin, alk. 550\u20ac + ALV (25,5 %) Full HD -l\u00e4hetyksist\u00e4 ja 650 \u20ac + ALV (25,5 %) 4K-l\u00e4hetyksist\u00e4. Ota rohkeasti yhteytt\u00e4 alla olevan &hellip;<\/p>\n<p class=\"read-more\"> <a class=\"\" href=\"https:\/\/www.cineko.fi\/en\/striimaus\/\"> <span class=\"screen-reader-text\">Streaming<\/span> Read More &raquo;<\/a><\/p>","protected":false},"author":1,"featured_media":0,"parent":0,"menu_order":0,"comment_status":"closed","ping_status":"closed","template":"","meta":{"site-sidebar-layout":"no-sidebar","site-content-layout":"page-builder","ast-main-header-display":"","ast-hfb-above-header-display":"","ast-hfb-below-header-display":"","ast-hfb-mobile-header-display":"","site-post-title":"disabled","ast-breadcrumbs-content":"","ast-featured-img":"disabled","footer-sml-layout":"","theme-transparent-header-meta":"","adv-header-id-meta":"","stick-header-meta":"","header-above-stick-meta":"","header-main-stick-meta":"","header-below-stick-meta":"","footnotes":""},"class_list":["post-596","page","type-page","status-publish","hentry"],"yoast_head":"<!-- This site is optimized with the Yoast SEO plugin v27.0 - https:\/\/yoast.com\/product\/yoast-seo-wordpress\/ -->\n<title>Striimaus - cineko<\/title>\n<meta name=\"robots\" content=\"index, follow, max-snippet:-1, max-image-preview:large, max-video-preview:-1\" \/>\n<link rel=\"canonical\" href=\"https:\/\/www.cineko.fi\/en\/striimaus\/\" \/>\n<meta property=\"og:locale\" content=\"en_US\" \/>\n<meta property=\"og:type\" content=\"article\" \/>\n<meta property=\"og:title\" content=\"Striimaus - cineko\" \/>\n<meta property=\"og:description\" content=\"Kaipaako tapahtumasi striimausta verkkoon? Toteutamme tapahtumasi livestriimauksen ja taltioinnin jopa 4K-kuvanlaadulla. My\u00f6s useamman kuva- ja \u00e4\u00e4nil\u00e4hteen yhdist\u00e4minen tarpeiden mukaan hoituu ongelmitta ja useampia kameroita saadaan tarvittaessa operoitua l\u00e4hetyksen aikana. Striimaukset kauttamme edullisin hinnoin, alk. 550\u20ac + ALV (25,5 %) Full HD -l\u00e4hetyksist\u00e4 ja 650 \u20ac + ALV (25,5 %) 4K-l\u00e4hetyksist\u00e4. Ota rohkeasti yhteytt\u00e4 alla olevan &hellip; Striimaus Read More &raquo;\" \/>\n<meta property=\"og:url\" content=\"https:\/\/www.cineko.fi\/en\/striimaus\/\" \/>\n<meta property=\"og:site_name\" content=\"cineko\" \/>\n<meta property=\"article:modified_time\" content=\"2024-11-10T09:58:03+00:00\" \/>\n<meta property=\"og:image\" content=\"https:\/\/www.cineko.fi\/wp-content\/uploads\/2023\/09\/IMG_20220324_145752-1-scaled.jpg\" \/>\n\t<meta property=\"og:image:width\" content=\"2560\" \/>\n\t<meta property=\"og:image:height\" content=\"1707\" \/>\n\t<meta property=\"og:image:type\" content=\"image\/jpeg\" \/>\n<meta name=\"twitter:card\" content=\"summary_large_image\" \/>\n<script type=\"application\/ld+json\" class=\"yoast-schema-graph\">{\"@context\":\"https:\/\/schema.org\",\"@graph\":[{\"@type\":\"WebPage\",\"@id\":\"https:\/\/www.cineko.fi\/striimaus\/\",\"url\":\"https:\/\/www.cineko.fi\/striimaus\/\",\"name\":\"Striimaus - cineko\",\"isPartOf\":{\"@id\":\"https:\/\/www.cineko.fi\/#website\"},\"primaryImageOfPage\":{\"@id\":\"https:\/\/www.cineko.fi\/striimaus\/#primaryimage\"},\"image\":{\"@id\":\"https:\/\/www.cineko.fi\/striimaus\/#primaryimage\"},\"thumbnailUrl\":\"https:\/\/www.cineko.fi\/wp-content\/uploads\/2023\/09\/IMG_20220324_145752-1-1024x683.jpg\",\"datePublished\":\"2023-09-15T11:31:10+00:00\",\"dateModified\":\"2024-11-10T09:58:03+00:00\",\"breadcrumb\":{\"@id\":\"https:\/\/www.cineko.fi\/striimaus\/#breadcrumb\"},\"inLanguage\":\"en-US\",\"potentialAction\":[{\"@type\":\"ReadAction\",\"target\":[\"https:\/\/www.cineko.fi\/striimaus\/\"]}]},{\"@type\":\"ImageObject\",\"inLanguage\":\"en-US\",\"@id\":\"https:\/\/www.cineko.fi\/striimaus\/#primaryimage\",\"url\":\"https:\/\/www.cineko.fi\/wp-content\/uploads\/2023\/09\/IMG_20220324_145752-1-1024x683.jpg\",\"contentUrl\":\"https:\/\/www.cineko.fi\/wp-content\/uploads\/2023\/09\/IMG_20220324_145752-1-1024x683.jpg\"},{\"@type\":\"BreadcrumbList\",\"@id\":\"https:\/\/www.cineko.fi\/striimaus\/#breadcrumb\",\"itemListElement\":[{\"@type\":\"ListItem\",\"position\":1,\"name\":\"Etusivu\",\"item\":\"https:\/\/www.cineko.fi\/\"},{\"@type\":\"ListItem\",\"position\":2,\"name\":\"Striimaus\"}]},{\"@type\":\"WebSite\",\"@id\":\"https:\/\/www.cineko.fi\/#website\",\"url\":\"https:\/\/www.cineko.fi\/\",\"name\":\"cineko\",\"description\":\"Videotuotanto\",\"publisher\":{\"@id\":\"https:\/\/www.cineko.fi\/#organization\"},\"potentialAction\":[{\"@type\":\"SearchAction\",\"target\":{\"@type\":\"EntryPoint\",\"urlTemplate\":\"https:\/\/www.cineko.fi\/?s={search_term_string}\"},\"query-input\":{\"@type\":\"PropertyValueSpecification\",\"valueRequired\":true,\"valueName\":\"search_term_string\"}}],\"inLanguage\":\"en-US\"},{\"@type\":\"Organization\",\"@id\":\"https:\/\/www.cineko.fi\/#organization\",\"name\":\"cineko\",\"url\":\"https:\/\/www.cineko.fi\/\",\"logo\":{\"@type\":\"ImageObject\",\"inLanguage\":\"en-US\",\"@id\":\"https:\/\/www.cineko.fi\/#\/schema\/logo\/image\/\",\"url\":\"https:\/\/www.cineko.fi\/wp-content\/uploads\/2021\/06\/cineko-512x256-1.png\",\"contentUrl\":\"https:\/\/www.cineko.fi\/wp-content\/uploads\/2021\/06\/cineko-512x256-1.png\",\"width\":512,\"height\":256,\"caption\":\"cineko\"},\"image\":{\"@id\":\"https:\/\/www.cineko.fi\/#\/schema\/logo\/image\/\"},\"sameAs\":[\"https:\/\/www.instagram.com\/cinekoprod\/\",\"https:\/\/www.youtube.com\/channel\/UCx-l-M7nUZfxhB3c3Vik6Ow\"]}]}<\/script>\n<!-- \/ Yoast SEO plugin. -->","yoast_head_json":{"title":"Striimaus - cineko","robots":{"index":"index","follow":"follow","max-snippet":"max-snippet:-1","max-image-preview":"max-image-preview:large","max-video-preview":"max-video-preview:-1"},"canonical":"https:\/\/www.cineko.fi\/en\/striimaus\/","og_locale":"en_US","og_type":"article","og_title":"Striimaus - cineko","og_description":"Kaipaako tapahtumasi striimausta verkkoon? Toteutamme tapahtumasi livestriimauksen ja taltioinnin jopa 4K-kuvanlaadulla. My\u00f6s useamman kuva- ja \u00e4\u00e4nil\u00e4hteen yhdist\u00e4minen tarpeiden mukaan hoituu ongelmitta ja useampia kameroita saadaan tarvittaessa operoitua l\u00e4hetyksen aikana. Striimaukset kauttamme edullisin hinnoin, alk. 550\u20ac + ALV (25,5 %) Full HD -l\u00e4hetyksist\u00e4 ja 650 \u20ac + ALV (25,5 %) 4K-l\u00e4hetyksist\u00e4. Ota rohkeasti yhteytt\u00e4 alla olevan &hellip; Striimaus Read More &raquo;","og_url":"https:\/\/www.cineko.fi\/en\/striimaus\/","og_site_name":"cineko","article_modified_time":"2024-11-10T09:58:03+00:00","og_image":[{"width":2560,"height":1707,"url":"https:\/\/www.cineko.fi\/wp-content\/uploads\/2023\/09\/IMG_20220324_145752-1-scaled.jpg","type":"image\/jpeg"}],"twitter_card":"summary_large_image","schema":{"@context":"https:\/\/schema.org","@graph":[{"@type":"WebPage","@id":"https:\/\/www.cineko.fi\/striimaus\/","url":"https:\/\/www.cineko.fi\/striimaus\/","name":"Striimaus - cineko","isPartOf":{"@id":"https:\/\/www.cineko.fi\/#website"},"primaryImageOfPage":{"@id":"https:\/\/www.cineko.fi\/striimaus\/#primaryimage"},"image":{"@id":"https:\/\/www.cineko.fi\/striimaus\/#primaryimage"},"thumbnailUrl":"https:\/\/www.cineko.fi\/wp-content\/uploads\/2023\/09\/IMG_20220324_145752-1-1024x683.jpg","datePublished":"2023-09-15T11:31:10+00:00","dateModified":"2024-11-10T09:58:03+00:00","breadcrumb":{"@id":"https:\/\/www.cineko.fi\/striimaus\/#breadcrumb"},"inLanguage":"en-US","potentialAction":[{"@type":"ReadAction","target":["https:\/\/www.cineko.fi\/striimaus\/"]}]},{"@type":"ImageObject","inLanguage":"en-US","@id":"https:\/\/www.cineko.fi\/striimaus\/#primaryimage","url":"https:\/\/www.cineko.fi\/wp-content\/uploads\/2023\/09\/IMG_20220324_145752-1-1024x683.jpg","contentUrl":"https:\/\/www.cineko.fi\/wp-content\/uploads\/2023\/09\/IMG_20220324_145752-1-1024x683.jpg"},{"@type":"BreadcrumbList","@id":"https:\/\/www.cineko.fi\/striimaus\/#breadcrumb","itemListElement":[{"@type":"ListItem","position":1,"name":"Etusivu","item":"https:\/\/www.cineko.fi\/"},{"@type":"ListItem","position":2,"name":"Striimaus"}]},{"@type":"WebSite","@id":"https:\/\/www.cineko.fi\/#website","url":"https:\/\/www.cineko.fi\/","name":"cineko","description":"Videotuotanto","publisher":{"@id":"https:\/\/www.cineko.fi\/#organization"},"potentialAction":[{"@type":"SearchAction","target":{"@type":"EntryPoint","urlTemplate":"https:\/\/www.cineko.fi\/?s={search_term_string}"},"query-input":{"@type":"PropertyValueSpecification","valueRequired":true,"valueName":"search_term_string"}}],"inLanguage":"en-US"},{"@type":"Organization","@id":"https:\/\/www.cineko.fi\/#organization","name":"cineko","url":"https:\/\/www.cineko.fi\/","logo":{"@type":"ImageObject","inLanguage":"en-US","@id":"https:\/\/www.cineko.fi\/#\/schema\/logo\/image\/","url":"https:\/\/www.cineko.fi\/wp-content\/uploads\/2021\/06\/cineko-512x256-1.png","contentUrl":"https:\/\/www.cineko.fi\/wp-content\/uploads\/2021\/06\/cineko-512x256-1.png","width":512,"height":256,"caption":"cineko"},"image":{"@id":"https:\/\/www.cineko.fi\/#\/schema\/logo\/image\/"},"sameAs":["https:\/\/www.instagram.com\/cinekoprod\/","https:\/\/www.youtube.com\/channel\/UCx-l-M7nUZfxhB3c3Vik6Ow"]}]}},"_links":{"self":[{"href":"https:\/\/www.cineko.fi\/en\/wp-json\/wp\/v2\/pages\/596","targetHints":{"allow":["GET"]}}],"collection":[{"href":"https:\/\/www.cineko.fi\/en\/wp-json\/wp\/v2\/pages"}],"about":[{"href":"https:\/\/www.cineko.fi\/en\/wp-json\/wp\/v2\/types\/page"}],"author":[{"embeddable":true,"href":"https:\/\/www.cineko.fi\/en\/wp-json\/wp\/v2\/users\/1"}],"replies":[{"embeddable":true,"href":"https:\/\/www.cineko.fi\/en\/wp-json\/wp\/v2\/comments?post=596"}],"version-history":[{"count":17,"href":"https:\/\/www.cineko.fi\/en\/wp-json\/wp\/v2\/pages\/596\/revisions"}],"predecessor-version":[{"id":832,"href":"https:\/\/www.cineko.fi\/en\/wp-json\/wp\/v2\/pages\/596\/revisions\/832"}],"wp:attachment":[{"href":"https:\/\/www.cineko.fi\/en\/wp-json\/wp\/v2\/media?parent=596"}],"curies":[{"name":"wp","href":"https:\/\/api.w.org\/{rel}","templated":true}]}}